{"id":3102,"date":"2023-07-07T14:49:49","date_gmt":"2023-07-07T14:49:49","guid":{"rendered":"https:\/\/comeiltiramisu.com\/?page_id=3102"},"modified":"2023-12-14T14:42:14","modified_gmt":"2023-12-14T13:42:14","slug":"distributors","status":"publish","type":"page","link":"https:\/\/comeiltiramisu.com\/en\/for-whom\/distributors\/","title":{"rendered":"Distributors"},"content":{"rendered":"\t\t<div data-elementor-type=\"wp-page\" data-elementor-id=\"3102\" class=\"elementor elementor-3102\">\n\t\t\t\t\t\t<section class=\"elementor-section elementor-top-section elementor-element elementor-element-0d4562d elementor-section-full_width elementor-section-height-default elementor-section-height-default\" data-id=\"0d4562d\" data-element_type=\"section\" data-e-type=\"section\" data-settings=\"{&quot;background_background&quot;:&quot;classic&quot;}\">\n\t\t\t\t\t\t\t<div class=\"elementor-background-overlay\"><\/div>\n\t\t\t\t\t\t\t<div class=\"elementor-container elementor-column-gap-default\">\n\t\t\t\t\t<div class=\"elementor-column elementor-col-100 elementor-top-column elementor-element elementor-element-b4d0bb7\" data-id=\"b4d0bb7\" data-element_type=\"column\" data-e-type=\"column\">\n\t\t\t<div class=\"elementor-widget-wrap elementor-element-populated\">\n\t\t\t\t\t\t<section class=\"elementor-section elementor-inner-section elementor-element elementor-element-0f410b1 elementor-section-boxed elementor-section-height-default elementor-section-height-default\" data-id=\"0f410b1\" data-element_type=\"section\" data-e-type=\"section\">\n\t\t\t\t\t\t<div class=\"elementor-container elementor-column-gap-default\">\n\t\t\t\t\t<div class=\"elementor-column elementor-col-50 elementor-inner-column elementor-element elementor-element-9b23c13\" data-id=\"9b23c13\" data-element_type=\"column\" data-e-type=\"column\">\n\t\t\t<div class=\"elementor-widget-wrap elementor-element-populated\">\n\t\t\t\t\t\t<div class=\"elementor-element elementor-element-35bcd1a elementor-widget elementor-widget-heading\" data-id=\"35bcd1a\" data-element_type=\"widget\" data-e-type=\"widget\" data-widget_type=\"heading.default\">\n\t\t\t\t<div class=\"elementor-widget-container\">\n\t\t\t\t\t<h2 class=\"elementor-heading-title elementor-size-default\"><b>Distributors\n<\/b><\/h2>\t\t\t\t<\/div>\n\t\t\t\t<\/div>\n\t\t\t\t\t<\/div>\n\t\t<\/div>\n\t\t\t\t<div class=\"elementor-column elementor-col-50 elementor-inner-column elementor-element elementor-element-bce59e9\" data-id=\"bce59e9\" data-element_type=\"column\" data-e-type=\"column\">\n\t\t\t<div class=\"elementor-widget-wrap\">\n\t\t\t\t\t\t\t<\/div>\n\t\t<\/div>\n\t\t\t\t\t<\/div>\n\t\t<\/section>\n\t\t\t\t\t<\/div>\n\t\t<\/div>\n\t\t\t\t\t<\/div>\n\t\t<\/section>\n\t\t\t\t<section class=\"elementor-section elementor-top-section elementor-element elementor-element-b97e37c elementor-section-boxed elementor-section-height-default elementor-section-height-default\" data-id=\"b97e37c\" data-element_type=\"section\" data-e-type=\"section\" data-settings=\"{&quot;background_background&quot;:&quot;classic&quot;}\">\n\t\t\t\t\t\t<div class=\"elementor-container elementor-column-gap-default\">\n\t\t\t\t\t<div class=\"elementor-column elementor-col-100 elementor-top-column elementor-element elementor-element-99efcec\" data-id=\"99efcec\" data-element_type=\"column\" data-e-type=\"column\">\n\t\t\t<div class=\"elementor-widget-wrap elementor-element-populated\">\n\t\t\t\t\t\t<section class=\"elementor-section elementor-inner-section elementor-element elementor-element-d86be3f elementor-section-content-bottom elementor-section-boxed elementor-section-height-default elementor-section-height-default\" data-id=\"d86be3f\" data-element_type=\"section\" data-e-type=\"section\">\n\t\t\t\t\t\t<div class=\"elementor-container elementor-column-gap-no\">\n\t\t\t\t\t<div class=\"elementor-column elementor-col-50 elementor-inner-column elementor-element elementor-element-bdb2b1f\" data-id=\"bdb2b1f\" data-element_type=\"column\" data-e-type=\"column\">\n\t\t\t<div class=\"elementor-widget-wrap elementor-element-populated\">\n\t\t\t\t\t\t<div class=\"elementor-element elementor-element-ee92b31 elementor-widget elementor-widget-heading\" data-id=\"ee92b31\" data-element_type=\"widget\" data-e-type=\"widget\" data-widget_type=\"heading.default\">\n\t\t\t\t<div class=\"elementor-widget-container\">\n\t\t\t\t\t<h1 class=\"elementor-heading-title elementor-size-default\"><font face=\"Addington Italic\"><i>Become a<\/i><\/font><br><b>Leb\u00f9 Distributor<\/b><\/h1>\t\t\t\t<\/div>\n\t\t\t\t<\/div>\n\t\t\t\t<div class=\"elementor-element elementor-element-420f22b elementor-widget-divider--view-line elementor-widget elementor-widget-divider\" data-id=\"420f22b\" data-element_type=\"widget\" data-e-type=\"widget\" data-widget_type=\"divider.default\">\n\t\t\t\t<div class=\"elementor-widget-container\">\n\t\t\t\t\t\t\t<div class=\"elementor-divider\">\n\t\t\t<span class=\"elementor-divider-separator\">\n\t\t\t\t\t\t<\/span>\n\t\t<\/div>\n\t\t\t\t\t\t<\/div>\n\t\t\t\t<\/div>\n\t\t\t\t\t<\/div>\n\t\t<\/div>\n\t\t\t\t<div class=\"elementor-column elementor-col-50 elementor-inner-column elementor-element elementor-element-ffd12e0\" data-id=\"ffd12e0\" data-element_type=\"column\" data-e-type=\"column\">\n\t\t\t<div class=\"elementor-widget-wrap elementor-element-populated\">\n\t\t\t\t\t\t<div class=\"elementor-element elementor-element-1215146 elementor-widget-divider--view-line elementor-widget elementor-widget-divider\" data-id=\"1215146\" data-element_type=\"widget\" data-e-type=\"widget\" data-widget_type=\"divider.default\">\n\t\t\t\t<div class=\"elementor-widget-container\">\n\t\t\t\t\t\t\t<div class=\"elementor-divider\">\n\t\t\t<span class=\"elementor-divider-separator\">\n\t\t\t\t\t\t<\/span>\n\t\t<\/div>\n\t\t\t\t\t\t<\/div>\n\t\t\t\t<\/div>\n\t\t\t\t\t<\/div>\n\t\t<\/div>\n\t\t\t\t\t<\/div>\n\t\t<\/section>\n\t\t\t\t<section class=\"elementor-section elementor-inner-section elementor-element elementor-element-28aa71c elementor-section-content-top elementor-section-boxed elementor-section-height-default elementor-section-height-default\" data-id=\"28aa71c\" data-element_type=\"section\" data-e-type=\"section\">\n\t\t\t\t\t\t<div class=\"elementor-container elementor-column-gap-no\">\n\t\t\t\t\t<div class=\"elementor-column elementor-col-50 elementor-inner-column elementor-element elementor-element-bc6a642\" data-id=\"bc6a642\" data-element_type=\"column\" data-e-type=\"column\">\n\t\t\t<div class=\"elementor-widget-wrap elementor-element-populated\">\n\t\t\t\t\t\t<div class=\"elementor-element elementor-element-82c257e elementor-widget elementor-widget-text-editor\" data-id=\"82c257e\" data-element_type=\"widget\" data-e-type=\"widget\" data-widget_type=\"text-editor.default\">\n\t\t\t\t<div class=\"elementor-widget-container\">\n\t\t\t\t\t\t\t\t\t<p>Are you interested in <strong>becoming a distributor of our versatile Leb\u00f9 product<\/strong>? Look no further! Leb\u00f9 offers a unique opportunity for businesses to join our distribution network and bring the authentic taste of Italian tiramisu to customers around the world.<\/p>\t\t\t\t\t\t\t\t<\/div>\n\t\t\t\t<\/div>\n\t\t\t\t\t<\/div>\n\t\t<\/div>\n\t\t\t\t<div class=\"elementor-column elementor-col-50 elementor-inner-column elementor-element elementor-element-c15c2b9\" data-id=\"c15c2b9\" data-element_type=\"column\" data-e-type=\"column\">\n\t\t\t<div class=\"elementor-widget-wrap elementor-element-populated\">\n\t\t\t\t\t\t<div class=\"elementor-element elementor-element-b37d446 elementor-widget elementor-widget-image\" data-id=\"b37d446\" data-element_type=\"widget\" data-e-type=\"widget\" data-widget_type=\"image.default\">\n\t\t\t\t<div class=\"elementor-widget-container\">\n\t\t\t\t\t\t\t\t\t\t\t\t\t\t\t<img fetchpriority=\"high\" decoding=\"async\" width=\"768\" height=\"514\" src=\"https:\/\/comeiltiramisu.com\/wp-content\/uploads\/2023\/09\/distributori-A-768x514.png\" class=\"attachment-medium_large size-medium_large wp-image-4371\" alt=\"\" srcset=\"https:\/\/comeiltiramisu.com\/wp-content\/uploads\/2023\/09\/distributori-A-768x514.png 768w, https:\/\/comeiltiramisu.com\/wp-content\/uploads\/2023\/09\/distributori-A-400x268.png 400w, https:\/\/comeiltiramisu.com\/wp-content\/uploads\/2023\/09\/distributori-A-1024x686.png 1024w, https:\/\/comeiltiramisu.com\/wp-content\/uploads\/2023\/09\/distributori-A-1536x1028.png 1536w, https:\/\/comeiltiramisu.com\/wp-content\/uploads\/2023\/09\/distributori-A-2048x1371.png 2048w, https:\/\/comeiltiramisu.com\/wp-content\/uploads\/2023\/09\/distributori-A-300x201.png 300w, https:\/\/comeiltiramisu.com\/wp-content\/uploads\/2023\/09\/distributori-A-600x402.png 600w\" sizes=\"(max-width: 768px) 100vw, 768px\" \/>\t\t\t\t\t\t\t\t\t\t\t\t\t\t\t<\/div>\n\t\t\t\t<\/div>\n\t\t\t\t\t<\/div>\n\t\t<\/div>\n\t\t\t\t\t<\/div>\n\t\t<\/section>\n\t\t\t\t\t<\/div>\n\t\t<\/div>\n\t\t\t\t\t<\/div>\n\t\t<\/section>\n\t\t\t\t<section class=\"elementor-section elementor-top-section elementor-element elementor-element-bfe3c32 elementor-section-boxed elementor-section-height-default elementor-section-height-default\" data-id=\"bfe3c32\" data-element_type=\"section\" data-e-type=\"section\" data-settings=\"{&quot;background_background&quot;:&quot;classic&quot;}\">\n\t\t\t\t\t\t<div class=\"elementor-container elementor-column-gap-default\">\n\t\t\t\t\t<div class=\"elementor-column elementor-col-100 elementor-top-column elementor-element elementor-element-e9df039\" data-id=\"e9df039\" data-element_type=\"column\" data-e-type=\"column\">\n\t\t\t<div class=\"elementor-widget-wrap elementor-element-populated\">\n\t\t\t\t\t\t<section class=\"elementor-section elementor-inner-section elementor-element elementor-element-5ca2e53 elementor-section-content-top elementor-section-boxed elementor-section-height-default elementor-section-height-default\" data-id=\"5ca2e53\" data-element_type=\"section\" data-e-type=\"section\">\n\t\t\t\t\t\t<div class=\"elementor-container elementor-column-gap-no\">\n\t\t\t\t\t<div class=\"elementor-column elementor-col-50 elementor-inner-column elementor-element elementor-element-0b473e6\" data-id=\"0b473e6\" data-element_type=\"column\" data-e-type=\"column\">\n\t\t\t<div class=\"elementor-widget-wrap elementor-element-populated\">\n\t\t\t\t\t\t<div class=\"elementor-element elementor-element-81fbb1a elementor-widget elementor-widget-image\" data-id=\"81fbb1a\" data-element_type=\"widget\" data-e-type=\"widget\" data-widget_type=\"image.default\">\n\t\t\t\t<div class=\"elementor-widget-container\">\n\t\t\t\t\t\t\t\t\t\t\t\t\t\t\t<img decoding=\"async\" width=\"768\" height=\"816\" src=\"https:\/\/comeiltiramisu.com\/wp-content\/uploads\/2023\/09\/distributori-B-768x816.png\" class=\"attachment-medium_large size-medium_large wp-image-4373\" alt=\"\" srcset=\"https:\/\/comeiltiramisu.com\/wp-content\/uploads\/2023\/09\/distributori-B-768x816.png 768w, https:\/\/comeiltiramisu.com\/wp-content\/uploads\/2023\/09\/distributori-B-376x400.png 376w, https:\/\/comeiltiramisu.com\/wp-content\/uploads\/2023\/09\/distributori-B-963x1024.png 963w, https:\/\/comeiltiramisu.com\/wp-content\/uploads\/2023\/09\/distributori-B-1445x1536.png 1445w, https:\/\/comeiltiramisu.com\/wp-content\/uploads\/2023\/09\/distributori-B-1927x2048.png 1927w, https:\/\/comeiltiramisu.com\/wp-content\/uploads\/2023\/09\/distributori-B-300x319.png 300w, https:\/\/comeiltiramisu.com\/wp-content\/uploads\/2023\/09\/distributori-B-600x638.png 600w\" sizes=\"(max-width: 768px) 100vw, 768px\" \/>\t\t\t\t\t\t\t\t\t\t\t\t\t\t\t<\/div>\n\t\t\t\t<\/div>\n\t\t\t\t\t<\/div>\n\t\t<\/div>\n\t\t\t\t<div class=\"elementor-column elementor-col-50 elementor-inner-column elementor-element elementor-element-46abb59\" data-id=\"46abb59\" data-element_type=\"column\" data-e-type=\"column\">\n\t\t\t<div class=\"elementor-widget-wrap elementor-element-populated\">\n\t\t\t\t\t\t<div class=\"elementor-element elementor-element-fbdccc7 elementor-widget elementor-widget-heading\" data-id=\"fbdccc7\" data-element_type=\"widget\" data-e-type=\"widget\" data-widget_type=\"heading.default\">\n\t\t\t\t<div class=\"elementor-widget-container\">\n\t\t\t\t\t<h5 class=\"elementor-heading-title elementor-size-default\">How Can Leb\u00f9 Revolutionize Businesses?<\/h5>\t\t\t\t<\/div>\n\t\t\t\t<\/div>\n\t\t\t\t<div class=\"elementor-element elementor-element-28dcb32 elementor-widget elementor-widget-text-editor\" data-id=\"28dcb32\" data-element_type=\"widget\" data-e-type=\"widget\" data-widget_type=\"text-editor.default\">\n\t\t\t\t<div class=\"elementor-widget-container\">\n\t\t\t\t\t\t\t\t\t<p>Leb\u00f9 is a single solution that allows you to <strong>create five different desserts<\/strong>:<\/p><ol><li>cold creams;<\/li><li>traditional ice creams;<\/li><li>soft-serve ice creams;<\/li><li>parfaits;<\/li><li>milk puddings and custards.<\/li><\/ol>\t\t\t\t\t\t\t\t<\/div>\n\t\t\t\t<\/div>\n\t\t\t\t<div class=\"elementor-element elementor-element-9f7ec9d elementor-widget elementor-widget-text-editor\" data-id=\"9f7ec9d\" data-element_type=\"widget\" data-e-type=\"widget\" data-widget_type=\"text-editor.default\">\n\t\t\t\t<div class=\"elementor-widget-container\">\n\t\t\t\t\t\t\t\t\t<p>This versatility makes Leb\u00f9 a must-have for any dessert establishment, but what makes Leb\u00f9 even more convenient is its easy usability. Our product is designed to be <b>quick and effortless to prepare<\/b>, allowing food outlets to serve delicious desserts in no time. Its easy-to-store nature ensures the optimization of inventory space and reduces waste.<\/p>\t\t\t\t\t\t\t\t<\/div>\n\t\t\t\t<\/div>\n\t\t\t\t\t<\/div>\n\t\t<\/div>\n\t\t\t\t\t<\/div>\n\t\t<\/section>\n\t\t\t\t<section class=\"elementor-section elementor-inner-section elementor-element elementor-element-ca722a8 elementor-section-content-top elementor-section-boxed elementor-section-height-default elementor-section-height-default\" data-id=\"ca722a8\" data-element_type=\"section\" data-e-type=\"section\">\n\t\t\t\t\t\t<div class=\"elementor-container elementor-column-gap-no\">\n\t\t\t\t\t<div class=\"elementor-column elementor-col-50 elementor-inner-column elementor-element elementor-element-8d53fe9\" data-id=\"8d53fe9\" data-element_type=\"column\" data-e-type=\"column\">\n\t\t\t<div class=\"elementor-widget-wrap elementor-element-populated\">\n\t\t\t\t\t\t<div class=\"elementor-element elementor-element-579149c elementor-widget elementor-widget-text-editor\" data-id=\"579149c\" data-element_type=\"widget\" data-e-type=\"widget\" data-widget_type=\"text-editor.default\">\n\t\t\t\t<div class=\"elementor-widget-container\">\n\t\t\t\t\t\t\t\t\t<p><span style=\"font-style: inherit; font-weight: inherit;\">Another benefit of Leb\u00f9 is its ability to <\/span><span style=\"font-style: inherit;\"><b>reduce energy consumption<\/b><\/span><span style=\"font-style: inherit; font-weight: inherit;\">. With Leb\u00f9, you can utilize the cold processing method, minimizing the need for excessive heat and therefore preserving energy. This eco-friendly approach aligns with the growing demand for sustainable practices in the food industry and is sure to meet the requirements of many modern companies.<\/span><\/p><p>Leb\u00f9 is suitable for businesses of all sizes, <b>even those with limited space<\/b>. Whether your clients operate a small outlet or a larger establishment, Leb\u00f9 can be tailored to their needs, making it an excellent choice for food trucks, kiosks, cafes, and more.<\/p><p>Moreover, the convenience of Leb\u00f9 extends to its ability to be frozen. This feature allows you to stock up on Leb\u00f9 and <b>use it at one\u2019s convenience<\/b>, ensuring a constant supply of delicious tiramisu-based desserts for your customers.<\/p>\t\t\t\t\t\t\t\t<\/div>\n\t\t\t\t<\/div>\n\t\t\t\t\t<\/div>\n\t\t<\/div>\n\t\t\t\t<div class=\"elementor-column elementor-col-50 elementor-inner-column elementor-element elementor-element-392d8a1\" data-id=\"392d8a1\" data-element_type=\"column\" data-e-type=\"column\">\n\t\t\t<div class=\"elementor-widget-wrap elementor-element-populated\">\n\t\t\t\t\t\t<div class=\"elementor-element elementor-element-be9e6bf elementor-widget elementor-widget-image\" data-id=\"be9e6bf\" data-element_type=\"widget\" data-e-type=\"widget\" data-widget_type=\"image.default\">\n\t\t\t\t<div class=\"elementor-widget-container\">\n\t\t\t\t\t\t\t\t\t\t\t\t\t\t\t<img decoding=\"async\" width=\"768\" height=\"669\" src=\"https:\/\/comeiltiramisu.com\/wp-content\/uploads\/2023\/09\/distributori-C-768x669.png\" class=\"attachment-medium_large size-medium_large wp-image-4375\" alt=\"\" srcset=\"https:\/\/comeiltiramisu.com\/wp-content\/uploads\/2023\/09\/distributori-C-768x669.png 768w, https:\/\/comeiltiramisu.com\/wp-content\/uploads\/2023\/09\/distributori-C-400x348.png 400w, https:\/\/comeiltiramisu.com\/wp-content\/uploads\/2023\/09\/distributori-C-1024x892.png 1024w, https:\/\/comeiltiramisu.com\/wp-content\/uploads\/2023\/09\/distributori-C-1536x1338.png 1536w, https:\/\/comeiltiramisu.com\/wp-content\/uploads\/2023\/09\/distributori-C-2048x1783.png 2048w, https:\/\/comeiltiramisu.com\/wp-content\/uploads\/2023\/09\/distributori-C-300x261.png 300w, https:\/\/comeiltiramisu.com\/wp-content\/uploads\/2023\/09\/distributori-C-600x523.png 600w\" sizes=\"(max-width: 768px) 100vw, 768px\" \/>\t\t\t\t\t\t\t\t\t\t\t\t\t\t\t<\/div>\n\t\t\t\t<\/div>\n\t\t\t\t\t<\/div>\n\t\t<\/div>\n\t\t\t\t\t<\/div>\n\t\t<\/section>\n\t\t\t\t\t<\/div>\n\t\t<\/div>\n\t\t\t\t\t<\/div>\n\t\t<\/section>\n\t\t\t\t<section class=\"elementor-section elementor-top-section elementor-element elementor-element-3a9c536 elementor-section-content-middle elementor-section-boxed elementor-section-height-default elementor-section-height-default\" data-id=\"3a9c536\" data-element_type=\"section\" data-e-type=\"section\" data-settings=\"{&quot;background_background&quot;:&quot;classic&quot;}\">\n\t\t\t\t\t\t<div class=\"elementor-container elementor-column-gap-default\">\n\t\t\t\t\t<div class=\"elementor-column elementor-col-100 elementor-top-column elementor-element elementor-element-02a943e\" data-id=\"02a943e\" data-element_type=\"column\" data-e-type=\"column\" data-settings=\"{&quot;background_background&quot;:&quot;classic&quot;}\">\n\t\t\t<div class=\"elementor-widget-wrap elementor-element-populated\">\n\t\t\t\t\t<div class=\"elementor-background-overlay\"><\/div>\n\t\t\t\t\t\t<div class=\"elementor-element elementor-element-7478a14 elementor-widget elementor-widget-text-editor\" data-id=\"7478a14\" data-element_type=\"widget\" data-e-type=\"widget\" data-widget_type=\"text-editor.default\">\n\t\t\t\t<div class=\"elementor-widget-container\">\n\t\t\t\t\t\t\t\t\t<p>Leb\u00f9 Distributors Around The World<br \/>If you are interested in <b>becoming a Leb\u00f9 distributor or finding distributors<\/b> in your country, please reach out to our dedicated distribution team by filling out the form on the <a href=\"https:\/\/comeiltiramisu.com\/en\/contatti-en\/\">Contact<\/a> page. We provide comprehensive support and guidance to help you succeed in introducing Leb\u00f9 to your market. Join us in spreading the joy of authentic Italian tiramisu flavors!<\/p><h4><em>Don&#8217;t miss this opportunity to <\/em><b>be a part of the Leb\u00f9 family<\/b><em> and delight your customers with exceptional dessert experiences. Contact us today to embark on an exciting journey as a Leb\u00f9 distributor!<\/em><\/h4>\t\t\t\t\t\t\t\t<\/div>\n\t\t\t\t<\/div>\n\t\t\t\t\t<\/div>\n\t\t<\/div>\n\t\t\t\t\t<\/div>\n\t\t<\/section>\n\t\t\t\t<section class=\"elementor-section elementor-top-section elementor-element elementor-element-4b692bd3 elementor-section-boxed elementor-section-height-default elementor-section-height-default\" data-id=\"4b692bd3\" data-element_type=\"section\" data-e-type=\"section\" data-settings=\"{&quot;background_background&quot;:&quot;classic&quot;}\">\n\t\t\t\t\t\t<div class=\"elementor-container elementor-column-gap-default\">\n\t\t\t\t\t<div class=\"elementor-column elementor-col-100 elementor-top-column elementor-element elementor-element-402e2f92\" data-id=\"402e2f92\" data-element_type=\"column\" data-e-type=\"column\" data-settings=\"{&quot;background_background&quot;:&quot;classic&quot;}\">\n\t\t\t<div class=\"elementor-widget-wrap elementor-element-populated\">\n\t\t\t\t\t<div class=\"elementor-background-overlay\"><\/div>\n\t\t\t\t\t\t<section class=\"elementor-section elementor-inner-section elementor-element elementor-element-6ef99e41 elementor-section-boxed elementor-section-height-default elementor-section-height-default\" data-id=\"6ef99e41\" data-element_type=\"section\" data-e-type=\"section\">\n\t\t\t\t\t\t<div class=\"elementor-container elementor-column-gap-default\">\n\t\t\t\t\t<div class=\"elementor-column elementor-col-50 elementor-inner-column elementor-element elementor-element-6212ac16\" data-id=\"6212ac16\" data-element_type=\"column\" data-e-type=\"column\">\n\t\t\t<div class=\"elementor-widget-wrap elementor-element-populated\">\n\t\t\t\t\t\t<div class=\"elementor-element elementor-element-41be616c elementor-absolute elementor-widget__width-initial elementor-widget elementor-widget-image\" data-id=\"41be616c\" data-element_type=\"widget\" data-e-type=\"widget\" data-settings=\"{&quot;_position&quot;:&quot;absolute&quot;}\" data-widget_type=\"image.default\">\n\t\t\t\t<div class=\"elementor-widget-container\">\n\t\t\t\t\t\t\t\t\t\t\t\t\t\t\t<img decoding=\"async\" src=\"https:\/\/comeiltiramisu.com\/wp-content\/uploads\/elementor\/thumbs\/mrs_lebu-qwni5amdnniwvy42165ze8jw8z3r5hp5ht104mdyi6.png\" title=\"mrs_lebu\" alt=\"mrs_lebu\" loading=\"lazy\" \/>\t\t\t\t\t\t\t\t\t\t\t\t\t\t\t<\/div>\n\t\t\t\t<\/div>\n\t\t\t\t\t<\/div>\n\t\t<\/div>\n\t\t\t\t<div class=\"elementor-column elementor-col-50 elementor-inner-column elementor-element elementor-element-b98af5c\" data-id=\"b98af5c\" data-element_type=\"column\" data-e-type=\"column\">\n\t\t\t<div class=\"elementor-widget-wrap elementor-element-populated\">\n\t\t\t\t\t\t<div class=\"elementor-element elementor-element-4c95b8a9 elementor-widget elementor-widget-heading\" data-id=\"4c95b8a9\" data-element_type=\"widget\" data-e-type=\"widget\" data-widget_type=\"heading.default\">\n\t\t\t\t<div class=\"elementor-widget-container\">\n\t\t\t\t\t<h3 class=\"elementor-heading-title elementor-size-default\">Take Me<br>On Board!<\/h3>\t\t\t\t<\/div>\n\t\t\t\t<\/div>\n\t\t\t\t<div class=\"elementor-element elementor-element-7d044f8 elementor-align-center elementor-widget elementor-widget-button\" data-id=\"7d044f8\" data-element_type=\"widget\" data-e-type=\"widget\" data-widget_type=\"button.default\">\n\t\t\t\t<div class=\"elementor-widget-container\">\n\t\t\t\t\t\t\t\t\t<div class=\"elementor-button-wrapper\">\n\t\t\t\t\t<a class=\"elementor-button elementor-button-link elementor-size-sm\" href=\"https:\/\/comeiltiramisu.com\/en\/contact\/\">\n\t\t\t\t\t\t<span class=\"elementor-button-content-wrapper\">\n\t\t\t\t\t\t\t\t\t<span class=\"elementor-button-text\">contact us<\/span>\n\t\t\t\t\t<\/span>\n\t\t\t\t\t<\/a>\n\t\t\t\t<\/div>\n\t\t\t\t\t\t\t\t<\/div>\n\t\t\t\t<\/div>\n\t\t\t\t\t<\/div>\n\t\t<\/div>\n\t\t\t\t\t<\/div>\n\t\t<\/section>\n\t\t\t\t\t<\/div>\n\t\t<\/div>\n\t\t\t\t\t<\/div>\n\t\t<\/section>\n\t\t\t\t<\/div>\n\t\t","protected":false},"excerpt":{"rendered":"<p>Distributors Become aLeb\u00f9 Distributor Are you interested in becoming a distributor of our versatile Leb\u00f9 product? Look no further! Leb\u00f9 offers a unique opportunity for businesses to join our distribution network and bring the authentic taste of Italian tiramisu to customers around the world. How Can Leb\u00f9 Revolutionize Businesses? Leb\u00f9 is a single solution that [&hellip;]<\/p>\n","protected":false},"author":1,"featured_media":0,"parent":2995,"menu_order":0,"comment_status":"closed","ping_status":"closed","template":"","meta":{"site-sidebar-layout":"no-sidebar","site-content-layout":"page-builder","ast-site-content-layout":"full-width-container","site-content-style":"unboxed","site-sidebar-style":"unboxed","ast-global-header-display":"","ast-banner-title-visibility":"","ast-main-header-display":"","ast-hfb-above-header-display":"","ast-hfb-below-header-display":"","ast-hfb-mobile-header-display":"","site-post-title":"disabled","ast-breadcrumbs-content":"","ast-featured-img":"disabled","footer-sml-layout":"","ast-disable-related-posts":"","theme-transparent-header-meta":"","adv-header-id-meta":"","stick-header-meta":"","header-above-stick-meta":"","header-main-stick-meta":"","header-below-stick-meta":"","astra-migrate-meta-layouts":"set","ast-page-background-enabled":"default","ast-page-background-meta":{"desktop":{"background-color":"","background-image":"","background-repeat":"repeat","background-position":"center center","background-size":"auto","background-attachment":"scroll","background-type":"","background-media":"","overlay-type":"","overlay-color":"","overlay-opacity":"","overlay-gradient":""},"tablet":{"background-color":"","background-image":"","background-repeat":"repeat","background-position":"center center","background-size":"auto","background-attachment":"scroll","background-type":"","background-media":"","overlay-type":"","overlay-color":"","overlay-opacity":"","overlay-gradient":""},"mobile":{"background-color":"","background-image":"","background-repeat":"repeat","background-position":"center center","background-size":"auto","background-attachment":"scroll","background-type":"","background-media":"","overlay-type":"","overlay-color":"","overlay-opacity":"","overlay-gradient":""}},"ast-content-background-meta":{"desktop":{"background-color":"var(--ast-global-color-5)","background-image":"","background-repeat":"repeat","background-position":"center center","background-size":"auto","background-attachment":"scroll","background-type":"","background-media":"","overlay-type":"","overlay-color":"","overlay-opacity":"","overlay-gradient":""},"tablet":{"background-color":"var(--ast-global-color-5)","background-image":"","background-repeat":"repeat","background-position":"center center","background-size":"auto","background-attachment":"scroll","background-type":"","background-media":"","overlay-type":"","overlay-color":"","overlay-opacity":"","overlay-gradient":""},"mobile":{"background-color":"var(--ast-global-color-5)","background-image":"","background-repeat":"repeat","background-position":"center center","background-size":"auto","background-attachment":"scroll","background-type":"","background-media":"","overlay-type":"","overlay-color":"","overlay-opacity":"","overlay-gradient":""}},"footnotes":""},"class_list":["post-3102","page","type-page","status-publish","hentry"],"aioseo_notices":[],"_links":{"self":[{"href":"https:\/\/comeiltiramisu.com\/en\/wp-json\/wp\/v2\/pages\/3102","targetHints":{"allow":["GET"]}}],"collection":[{"href":"https:\/\/comeiltiramisu.com\/en\/wp-json\/wp\/v2\/pages"}],"about":[{"href":"https:\/\/comeiltiramisu.com\/en\/wp-json\/wp\/v2\/types\/page"}],"author":[{"embeddable":true,"href":"https:\/\/comeiltiramisu.com\/en\/wp-json\/wp\/v2\/users\/1"}],"replies":[{"embeddable":true,"href":"https:\/\/comeiltiramisu.com\/en\/wp-json\/wp\/v2\/comments?post=3102"}],"version-history":[{"count":43,"href":"https:\/\/comeiltiramisu.com\/en\/wp-json\/wp\/v2\/pages\/3102\/revisions"}],"predecessor-version":[{"id":5169,"href":"https:\/\/comeiltiramisu.com\/en\/wp-json\/wp\/v2\/pages\/3102\/revisions\/5169"}],"up":[{"embeddable":true,"href":"https:\/\/comeiltiramisu.com\/en\/wp-json\/wp\/v2\/pages\/2995"}],"wp:attachment":[{"href":"https:\/\/comeiltiramisu.com\/en\/wp-json\/wp\/v2\/media?parent=3102"}],"curies":[{"name":"wp","href":"https:\/\/api.w.org\/{rel}","templated":true}]}}